{"id":14081,"date":"2022-11-01T12:12:10","date_gmt":"2022-11-01T12:12:10","guid":{"rendered":"http:\/\/www.nicdarkthemes.com\/themes\/charity-foundation\/wp\/demo\/charity-foundation\/?page_id=12489"},"modified":"2026-02-06T13:47:55","modified_gmt":"2026-02-06T13:47:55","slug":"header-05-2","status":"publish","type":"page","link":"https:\/\/anahtarim.anahtarparti.org\/index.php\/header-pages\/header-05-2\/","title":{"rendered":"Header 05"},"content":{"rendered":"\t\t<div data-elementor-type=\"wp-page\" data-elementor-id=\"14081\" class=\"elementor elementor-14081\">\n\t\t\t\t\t\t<section class=\"elementor-section elementor-top-section elementor-element elementor-element-46e21967 elementor-section-stretched elementor-section-content-middle elementor-section-boxed elementor-section-height-default elementor-section-height-default elementor-invisible\" data-id=\"46e21967\" data-element_type=\"section\" data-settings=\"{&quot;stretch_section&quot;:&quot;section-stretched&quot;,&quot;animation&quot;:&quot;fadeIn&quot;,&quot;background_background&quot;:&quot;classic&quot;}\">\n\t\t\t\t\t\t\t<div class=\"elementor-background-overlay\"><\/div>\n\t\t\t\t\t\t\t<div class=\"elementor-container elementor-column-gap-default\">\n\t\t\t\t\t<div class=\"elementor-column elementor-col-33 elementor-top-column elementor-element elementor-element-e697b54 elementor-hidden-tablet elementor-hidden-mobile\" data-id=\"e697b54\" data-element_type=\"column\">\n\t\t\t<div class=\"elementor-widget-wrap elementor-element-populated\">\n\t\t\t\t\t\t<div class=\"elementor-element elementor-element-1c0e0022 elementor-icon-list--layout-inline elementor-tablet-align-center elementor-list-item-link-full_width elementor-widget elementor-widget-icon-list\" data-id=\"1c0e0022\" data-element_type=\"widget\" data-widget_type=\"icon-list.default\">\n\t\t\t\t\t\t\t<ul class=\"elementor-icon-list-items elementor-inline-items\">\n\t\t\t\t\t\t\t<li class=\"elementor-icon-list-item elementor-inline-item\">\n\t\t\t\t\t\t\t\t\t\t\t<a href=\"https:\/\/uyelik.anahtarparti.org\/home\">\n\n\t\t\t\t\t\t\t\t\t\t\t\t<span class=\"elementor-icon-list-icon\">\n\t\t\t\t\t\t\t<svg aria-hidden=\"true\" class=\"e-font-icon-svg e-fas-user-check\" viewBox=\"0 0 640 512\" xmlns=\"http:\/\/www.w3.org\/2000\/svg\"><path d=\"M224 256c70.7 0 128-57.3 128-128S294.7 0 224 0 96 57.3 96 128s57.3 128 128 128zm89.6 32h-16.7c-22.2 10.2-46.9 16-72.9 16s-50.6-5.8-72.9-16h-16.7C60.2 288 0 348.2 0 422.4V464c0 26.5 21.5 48 48 48h352c26.5 0 48-21.5 48-48v-41.6c0-74.2-60.2-134.4-134.4-134.4zm323-128.4l-27.8-28.1c-4.6-4.7-12.1-4.7-16.8-.1l-104.8 104-45.5-45.8c-4.6-4.7-12.1-4.7-16.8-.1l-28.1 27.9c-4.7 4.6-4.7 12.1-.1 16.8l81.7 82.3c4.6 4.7 12.1 4.7 16.8.1l141.3-140.2c4.6-4.7 4.7-12.2.1-16.8z\"><\/path><\/svg>\t\t\t\t\t\t<\/span>\n\t\t\t\t\t\t\t\t\t\t<span class=\"elementor-icon-list-text\">\u00dcye Ol<\/span>\n\t\t\t\t\t\t\t\t\t\t\t<\/a>\n\t\t\t\t\t\t\t\t\t<\/li>\n\t\t\t\t\t\t\t\t<li class=\"elementor-icon-list-item elementor-inline-item\">\n\t\t\t\t\t\t\t\t\t\t\t<a href=\"https:\/\/www.anahtarparti.org\/bagis-yapin\/\">\n\n\t\t\t\t\t\t\t\t\t\t\t\t<span class=\"elementor-icon-list-icon\">\n\t\t\t\t\t\t\t<svg aria-hidden=\"true\" class=\"e-font-icon-svg e-far-credit-card\" viewBox=\"0 0 576 512\" xmlns=\"http:\/\/www.w3.org\/2000\/svg\"><path d=\"M527.9 32H48.1C21.5 32 0 53.5 0 80v352c0 26.5 21.5 48 48.1 48h479.8c26.6 0 48.1-21.5 48.1-48V80c0-26.5-21.5-48-48.1-48zM54.1 80h467.8c3.3 0 6 2.7 6 6v42H48.1V86c0-3.3 2.7-6 6-6zm467.8 352H54.1c-3.3 0-6-2.7-6-6V256h479.8v170c0 3.3-2.7 6-6 6zM192 332v40c0 6.6-5.4 12-12 12h-72c-6.6 0-12-5.4-12-12v-40c0-6.6 5.4-12 12-12h72c6.6 0 12 5.4 12 12zm192 0v40c0 6.6-5.4 12-12 12H236c-6.6 0-12-5.4-12-12v-40c0-6.6 5.4-12 12-12h136c6.6 0 12 5.4 12 12z\"><\/path><\/svg>\t\t\t\t\t\t<\/span>\n\t\t\t\t\t\t\t\t\t\t<span class=\"elementor-icon-list-text\">Ba\u011f\u0131\u015f Yap\u0131n<\/span>\n\t\t\t\t\t\t\t\t\t\t\t<\/a>\n\t\t\t\t\t\t\t\t\t<\/li>\n\t\t\t\t\t\t<\/ul>\n\t\t\t\t\t\t<\/div>\n\t\t\t\t\t<\/div>\n\t\t<\/div>\n\t\t\t\t<div class=\"elementor-column elementor-col-33 elementor-top-column elementor-element elementor-element-71e6c7e4 elementor-hidden-tablet elementor-hidden-mobile\" data-id=\"71e6c7e4\" data-element_type=\"column\">\n\t\t\t<div class=\"elementor-widget-wrap elementor-element-populated\">\n\t\t\t\t\t\t<div class=\"elementor-element elementor-element-f2946ea elementor-widget elementor-widget-text-editor\" data-id=\"f2946ea\" data-element_type=\"widget\" data-widget_type=\"text-editor.default\">\n\t\t\t\t\t\t\t\t\t<p>\u00d6NCE DEVLET K\u00d6YE D\u00d6NECEK!<\/p>\t\t\t\t\t\t\t\t<\/div>\n\t\t\t\t\t<\/div>\n\t\t<\/div>\n\t\t\t\t<div class=\"elementor-column elementor-col-33 elementor-top-column elementor-element elementor-element-e97f07e elementor-hidden-tablet elementor-hidden-mobile\" data-id=\"e97f07e\" data-element_type=\"column\">\n\t\t\t<div class=\"elementor-widget-wrap elementor-element-populated\">\n\t\t\t\t\t\t<div class=\"elementor-element elementor-element-57525342 elementor-icon-list--layout-inline elementor-tablet-align-center elementor-align-end elementor-list-item-link-full_width elementor-widget elementor-widget-icon-list\" data-id=\"57525342\" data-element_type=\"widget\" data-widget_type=\"icon-list.default\">\n\t\t\t\t\t\t\t<ul class=\"elementor-icon-list-items elementor-inline-items\">\n\t\t\t\t\t\t\t<li class=\"elementor-icon-list-item elementor-inline-item\">\n\t\t\t\t\t\t\t\t\t\t\t<span class=\"elementor-icon-list-icon\">\n\t\t\t\t\t\t\t<svg aria-hidden=\"true\" class=\"e-font-icon-svg e-fas-map-marker-alt\" viewBox=\"0 0 384 512\" xmlns=\"http:\/\/www.w3.org\/2000\/svg\"><path d=\"M172.268 501.67C26.97 291.031 0 269.413 0 192 0 85.961 85.961 0 192 0s192 85.961 192 192c0 77.413-26.97 99.031-172.268 309.67-9.535 13.774-29.93 13.773-39.464 0zM192 272c44.183 0 80-35.817 80-80s-35.817-80-80-80-80 35.817-80 80 35.817 80 80 80z\"><\/path><\/svg>\t\t\t\t\t\t<\/span>\n\t\t\t\t\t\t\t\t\t\t<span class=\"elementor-icon-list-text\">Hilal Mah. Rabindranath Tagore Cd. No:66<\/span>\n\t\t\t\t\t\t\t\t\t<\/li>\n\t\t\t\t\t\t\t\t<li class=\"elementor-icon-list-item elementor-inline-item\">\n\t\t\t\t\t\t\t\t\t\t\t<a href=\"mailto:anahtarim@anahtarparti.org\">\n\n\t\t\t\t\t\t\t\t\t\t\t\t<span class=\"elementor-icon-list-icon\">\n\t\t\t\t\t\t\t<svg aria-hidden=\"true\" class=\"e-font-icon-svg e-far-envelope\" viewBox=\"0 0 512 512\" xmlns=\"http:\/\/www.w3.org\/2000\/svg\"><path d=\"M464 64H48C21.49 64 0 85.49 0 112v288c0 26.51 21.49 48 48 48h416c26.51 0 48-21.49 48-48V112c0-26.51-21.49-48-48-48zm0 48v40.805c-22.422 18.259-58.168 46.651-134.587 106.49-16.841 13.247-50.201 45.072-73.413 44.701-23.208.375-56.579-31.459-73.413-44.701C106.18 199.465 70.425 171.067 48 152.805V112h416zM48 400V214.398c22.914 18.251 55.409 43.862 104.938 82.646 21.857 17.205 60.134 55.186 103.062 54.955 42.717.231 80.509-37.199 103.053-54.947 49.528-38.783 82.032-64.401 104.947-82.653V400H48z\"><\/path><\/svg>\t\t\t\t\t\t<\/span>\n\t\t\t\t\t\t\t\t\t\t<span class=\"elementor-icon-list-text\">anahtarim@anahtarparti.org<\/span>\n\t\t\t\t\t\t\t\t\t\t\t<\/a>\n\t\t\t\t\t\t\t\t\t<\/li>\n\t\t\t\t\t\t<\/ul>\n\t\t\t\t\t\t<\/div>\n\t\t\t\t\t<\/div>\n\t\t<\/div>\n\t\t\t\t\t<\/div>\n\t\t<\/section>\n\t\t\t\t<section class=\"elementor-section elementor-top-section elementor-element elementor-element-7bb2aca7 elementor-section-stretched elementor-section-content-middle elementor-section-boxed elementor-section-height-default elementor-section-height-default elementor-invisible\" data-id=\"7bb2aca7\" data-element_type=\"section\" id=\"header_1_nav\" data-settings=\"{&quot;stretch_section&quot;:&quot;section-stretched&quot;,&quot;background_background&quot;:&quot;classic&quot;,&quot;animation&quot;:&quot;fadeInDown&quot;,&quot;animation_delay&quot;:&quot;200&quot;}\">\n\t\t\t\t\t\t\t<div class=\"elementor-background-overlay\"><\/div>\n\t\t\t\t\t\t\t<div class=\"elementor-container elementor-column-gap-default\">\n\t\t\t\t\t<div class=\"elementor-column elementor-col-33 elementor-top-column elementor-element elementor-element-b994b7c\" data-id=\"b994b7c\" data-element_type=\"column\">\n\t\t\t<div class=\"elementor-widget-wrap elementor-element-populated\">\n\t\t\t\t\t\t<div class=\"elementor-element elementor-element-eb1a4a3 elementor-widget elementor-widget-image\" data-id=\"eb1a4a3\" data-element_type=\"widget\" data-widget_type=\"image.default\">\n\t\t\t\t\t\t\t\t\t\t\t\t\t\t\t\t<a href=\"https:\/\/anahtarim.anahtarparti.org\/\">\n\t\t\t\t\t\t\t<img loading=\"lazy\" decoding=\"async\" width=\"1080\" height=\"700\" src=\"https:\/\/anahtarim.anahtarparti.org\/wp-content\/uploads\/2026\/01\/logo.png\" class=\"attachment-full size-full wp-image-14502\" alt=\"\" srcset=\"https:\/\/anahtarim.anahtarparti.org\/wp-content\/uploads\/2026\/01\/logo.png 1080w, https:\/\/anahtarim.anahtarparti.org\/wp-content\/uploads\/2026\/01\/logo-300x194.png 300w, https:\/\/anahtarim.anahtarparti.org\/wp-content\/uploads\/2026\/01\/logo-1024x664.png 1024w, https:\/\/anahtarim.anahtarparti.org\/wp-content\/uploads\/2026\/01\/logo-768x498.png 768w\" sizes=\"auto, (max-width: 1080px) 100vw, 1080px\" \/>\t\t\t\t\t\t\t\t<\/a>\n\t\t\t\t\t\t\t\t\t\t\t\t\t\t\t<\/div>\n\t\t\t\t\t<\/div>\n\t\t<\/div>\n\t\t\t\t<div class=\"elementor-column elementor-col-66 elementor-top-column elementor-element elementor-element-331d176e\" data-id=\"331d176e\" data-element_type=\"column\">\n\t\t\t<div class=\"elementor-widget-wrap elementor-element-populated\">\n\t\t\t\t\t\t<div class=\"elementor-element elementor-element-2f92e413 elementor-widget elementor-widget-navigation\" data-id=\"2f92e413\" data-element_type=\"widget\" data-widget_type=\"navigation.default\">\n\t\t\t\t<div class=\"elementor-widget-container\">\n\t\t\t\t\t\n\t\t<div class=\"nd_elements_section\">\n\t\t\t<div class=\"nd_elements_navigation_component\">\n\n\t\t\t\t<div class=\"menu-main-menu-container\"><ul id=\"menu-main-menu\" class=\"menu\"><li id=\"menu-item-14746\" class=\"menu-item menu-item-type-post_type menu-item-object-page menu-item-home menu-item-14746\"><a href=\"https:\/\/anahtarim.anahtarparti.org\/\">ANA SAYFA<\/a><\/li>\n<li id=\"menu-item-14740\" class=\"menu-item menu-item-type-custom menu-item-object-custom menu-item-has-children menu-item-14740\"><a href=\"#\">HAKKIMIZDA<\/a>\n<ul class=\"sub-menu\">\n\t<li id=\"menu-item-14741\" class=\"menu-item menu-item-type-post_type menu-item-object-page menu-item-14741\"><a href=\"https:\/\/anahtarim.anahtarparti.org\/index.php\/tarim-politikasi-baskanimiz\/\">Tar\u0131m Politikas\u0131 Ba\u015fkan\u0131m\u0131z<\/a><\/li>\n\t<li id=\"menu-item-14867\" class=\"menu-item menu-item-type-post_type menu-item-object-page menu-item-14867\"><a href=\"https:\/\/anahtarim.anahtarparti.org\/index.php\/istisare-kurulumuz\/\">\u0130sti\u015fare Kurulumuz<\/a><\/li>\n<\/ul>\n<\/li>\n<li id=\"menu-item-14742\" class=\"menu-item menu-item-type-post_type menu-item-object-page menu-item-14742\"><a href=\"https:\/\/anahtarim.anahtarparti.org\/index.php\/politikamiz\/\">POL\u0130T\u0130KAMIZ<\/a><\/li>\n<li id=\"menu-item-14755\" class=\"menu-item menu-item-type-post_type menu-item-object-page menu-item-14755\"><a href=\"https:\/\/anahtarim.anahtarparti.org\/index.php\/anahtarim-sahada\/\">ANAHTARIM SAHADA<\/a><\/li>\n<li id=\"menu-item-14958\" class=\"menu-item menu-item-type-post_type menu-item-object-page menu-item-14958\"><a href=\"https:\/\/anahtarim.anahtarparti.org\/index.php\/haberler\/\">HABERLER<\/a><\/li>\n<li id=\"menu-item-14959\" class=\"menu-item menu-item-type-custom menu-item-object-custom menu-item-14959\"><a href=\"https:\/\/uyelik.anahtarparti.org\/home\">\u00dcYE OL<\/a><\/li>\n<li id=\"menu-item-14745\" class=\"menu-item menu-item-type-custom menu-item-object-custom menu-item-14745\"><a href=\"https:\/\/www.anahtarparti.org\/bagis-yapin\/\">BA\u011eI\u015e<\/a><\/li>\n<\/ul><\/div>\n\t\t\t\t\n\t\t\t\t<img decoding=\"async\" alt=\"open-navigation\" width=\"25\" class=\"nd_elements_open_navigation_sidebar_content\" src=\"http:\/\/www.nicdarkthemes.com\/themes\/hotel-booking\/wp\/demo\/hotel\/wp-content\/uploads\/sites\/2\/2021\/05\/navigation-.white_.png\">\n\t\t\t\n\t\t\t<\/div>\n\t\t<\/div>\n\n\t\t<!--START menu responsive-->\n\t\t<div class=\"nd_elements_navigation_sidebar_content\">\n\n\t\t\t<img decoding=\"async\" alt=\"close-navigation\" width=\"25\" class=\"nd_elements_close_navigation_sidebar_content\" src=\"https:\/\/anahtarim.anahtarparti.org\/wp-content\/plugins\/nd-elements\/widgets\/navigation\/img\/navigation-close.svg\">\n\n\t\t    <div class=\"nd_elements_navigation_sidebar\">\n\t\t        <div class=\"menu-main-menu-container\"><ul id=\"menu-main-menu-1\" class=\"menu\"><li class=\"menu-item menu-item-type-post_type menu-item-object-page menu-item-home menu-item-14746\"><a href=\"https:\/\/anahtarim.anahtarparti.org\/\">ANA SAYFA<\/a><\/li>\n<li class=\"menu-item menu-item-type-custom menu-item-object-custom menu-item-has-children menu-item-14740\"><a href=\"#\">HAKKIMIZDA<\/a>\n<ul class=\"sub-menu\">\n\t<li class=\"menu-item menu-item-type-post_type menu-item-object-page menu-item-14741\"><a href=\"https:\/\/anahtarim.anahtarparti.org\/index.php\/tarim-politikasi-baskanimiz\/\">Tar\u0131m Politikas\u0131 Ba\u015fkan\u0131m\u0131z<\/a><\/li>\n\t<li class=\"menu-item menu-item-type-post_type menu-item-object-page menu-item-14867\"><a href=\"https:\/\/anahtarim.anahtarparti.org\/index.php\/istisare-kurulumuz\/\">\u0130sti\u015fare Kurulumuz<\/a><\/li>\n<\/ul>\n<\/li>\n<li class=\"menu-item menu-item-type-post_type menu-item-object-page menu-item-14742\"><a href=\"https:\/\/anahtarim.anahtarparti.org\/index.php\/politikamiz\/\">POL\u0130T\u0130KAMIZ<\/a><\/li>\n<li class=\"menu-item menu-item-type-post_type menu-item-object-page menu-item-14755\"><a href=\"https:\/\/anahtarim.anahtarparti.org\/index.php\/anahtarim-sahada\/\">ANAHTARIM SAHADA<\/a><\/li>\n<li class=\"menu-item menu-item-type-post_type menu-item-object-page menu-item-14958\"><a href=\"https:\/\/anahtarim.anahtarparti.org\/index.php\/haberler\/\">HABERLER<\/a><\/li>\n<li class=\"menu-item menu-item-type-custom menu-item-object-custom menu-item-14959\"><a href=\"https:\/\/uyelik.anahtarparti.org\/home\">\u00dcYE OL<\/a><\/li>\n<li class=\"menu-item menu-item-type-custom menu-item-object-custom menu-item-14745\"><a href=\"https:\/\/www.anahtarparti.org\/bagis-yapin\/\">BA\u011eI\u015e<\/a><\/li>\n<\/ul><\/div>\n\t\t    <\/div>\n\n\t\t<\/div>\n\t\t<!--END menu responsive-->\n\t\t\t\t\t\t<\/div>\n\t\t\t\t<\/div>\n\t\t\t\t\t<\/div>\n\t\t<\/div>\n\t\t\t\t\t<\/div>\n\t\t<\/section>\n\t\t\t\t<\/div>\n\t\t","protected":false},"excerpt":{"rendered":"<p>\u00dcye Ol Ba\u011f\u0131\u015f Yap\u0131n \u00d6NCE DEVLET K\u00d6YE D\u00d6NECEK! Hilal Mah. Rabindranath Tagore Cd. No:66 anahtarim@anahtarparti.org ANA SAYFA HAKKIMIZDA Tar\u0131m Politikas\u0131 Ba\u015fkan\u0131m\u0131z \u0130sti\u015fare Kurulumuz POL\u0130T\u0130KAMIZ ANAHTARIM SAHADA HABERLER \u00dcYE OL BA\u011eI\u015e ANA SAYFA HAKKIMIZDA Tar\u0131m Politikas\u0131 Ba\u015fkan\u0131m\u0131z \u0130sti\u015fare Kurulumuz POL\u0130T\u0130KAMIZ ANAHTARIM SAHADA HABERLER \u00dcYE OL BA\u011eI\u015e<\/p>\n","protected":false},"author":1,"featured_media":0,"parent":9031,"menu_order":0,"comment_status":"closed","ping_status":"closed","template":"","meta":{"footnotes":""},"class_list":["post-14081","page","type-page","status-publish","hentry"],"_links":{"self":[{"href":"https:\/\/anahtarim.anahtarparti.org\/index.php\/wp-json\/wp\/v2\/pages\/14081","targetHints":{"allow":["GET"]}}],"collection":[{"href":"https:\/\/anahtarim.anahtarparti.org\/index.php\/wp-json\/wp\/v2\/pages"}],"about":[{"href":"https:\/\/anahtarim.anahtarparti.org\/index.php\/wp-json\/wp\/v2\/types\/page"}],"author":[{"embeddable":true,"href":"https:\/\/anahtarim.anahtarparti.org\/index.php\/wp-json\/wp\/v2\/users\/1"}],"replies":[{"embeddable":true,"href":"https:\/\/anahtarim.anahtarparti.org\/index.php\/wp-json\/wp\/v2\/comments?post=14081"}],"version-history":[{"count":75,"href":"https:\/\/anahtarim.anahtarparti.org\/index.php\/wp-json\/wp\/v2\/pages\/14081\/revisions"}],"predecessor-version":[{"id":14962,"href":"https:\/\/anahtarim.anahtarparti.org\/index.php\/wp-json\/wp\/v2\/pages\/14081\/revisions\/14962"}],"up":[{"embeddable":true,"href":"https:\/\/anahtarim.anahtarparti.org\/index.php\/wp-json\/wp\/v2\/pages\/9031"}],"wp:attachment":[{"href":"https:\/\/anahtarim.anahtarparti.org\/index.php\/wp-json\/wp\/v2\/media?parent=14081"}],"curies":[{"name":"wp","href":"https:\/\/api.w.org\/{rel}","templated":true}]}}