{"id":14456,"date":"2026-01-21T12:25:28","date_gmt":"2026-01-21T12:25:28","guid":{"rendered":"https:\/\/anahtarim.anahtarparti.org\/?page_id=14456"},"modified":"2026-01-27T07:23:28","modified_gmt":"2026-01-27T07:23:28","slug":"tarim-politikasi-baskanimiz","status":"publish","type":"page","link":"https:\/\/anahtarim.anahtarparti.org\/index.php\/tarim-politikasi-baskanimiz\/","title":{"rendered":"TARIM POL\u0130T\u0130KASI BA\u015eKANIMIZ"},"content":{"rendered":"\t\t<div data-elementor-type=\"wp-page\" data-elementor-id=\"14456\" class=\"elementor elementor-14456\">\n\t\t\t\t<div class=\"elementor-element elementor-element-e46c8ec e-flex e-con-boxed e-con e-parent\" data-id=\"e46c8ec\" data-element_type=\"container\">\n\t\t\t\t\t<div class=\"e-con-inner\">\n\t\t<div class=\"elementor-element elementor-element-d6ff383 e-con-full e-flex e-con e-child\" data-id=\"d6ff383\" data-element_type=\"container\">\n\t\t\t\t<div class=\"elementor-element elementor-element-42b9dd0 elementor-widget elementor-widget-text-editor\" data-id=\"42b9dd0\" data-element_type=\"widget\" data-widget_type=\"text-editor.default\">\n\t\t\t\t\t\t\t\t\t\n<h3><strong>\u00a0 \u00a0 \u00a0 \u00a0 \u00a0 \u00a0 \u00a0 \u00a0 \u00a0 \u00a0 Hasan H\u00fcseyin Demir\u00f6z<\/strong><\/h3>\n\n<h5><strong>\u00a0 \u00a0 \u00a0 \u00a0 \u00a0 \u00a0 \u00a0 \u00a0 \u00a0 \u00a0 \u00a0 \u00a0 \u00a0 \u00a0 \u00a0\u00d6zel Sekt\u00f6r Y\u00f6netici<\/strong><\/h5>\n<p>\u00a0<\/p>\n\n<p>Hasan H\u00fcseyin Demir\u00f6z, uzun y\u0131llara dayanan kamu ve \u00f6zel sekt\u00f6r tecr\u00fcbesine sahip bir y\u00f6neticidir. Aral\u0131k 2021 ile Haziran 2023 tarihleri aras\u0131nda Hazine ve Maliye Bakanl\u0131\u011f\u0131\u2019nda Bakan M\u00fc\u015faviri olarak g\u00f6rev yapm\u0131\u015ft\u0131r. Bu g\u00f6revin \u00f6ncesinde, Ocak 2021\u2019den Ekim 2021\u2019e kadar Tamek G\u0131da ve Konsantre Sanayii ve Tic. A.\u015e.\u2019de \u0130cra Kurulu Ba\u015fkan\u0131 olarak \u00e7al\u0131\u015fm\u0131\u015f, \u015firketin T\u00fcrkiye ve K\u0131br\u0131s fabrikalar\u0131n\u0131n \u00fcretim ve sat\u0131\u015f s\u00fcre\u00e7lerini y\u00f6netmi\u015ftir. Bu d\u00f6nemde, 2014 y\u0131l\u0131ndan itibaren zarar eden \u015firket, ilk \u00fc\u00e7 ayda k\u00e2ra ge\u00e7irilmi\u015f; K\u0131br\u0131s Pepsi fabrikas\u0131, y\u0131ll\u0131k zararlar\u0131ndan kurtar\u0131larak ilk \u00fc\u00e7 ayda 2,3 milyon TL k\u00e2r elde etmi\u015ftir. Tamek G\u0131da\u2019n\u0131n ilk \u00fc\u00e7 ayl\u0131k k\u00e2r\u0131 400 bin TL\u2019ye ula\u015fm\u0131\u015f, ayl\u0131k 3,5 milyon TL faiz \u00f6deyen \u015firkette \u00f6nemli bir ba\u015far\u0131 sa\u011flanm\u0131\u015ft\u0131r. Bu s\u00fcre\u00e7te, Tamek G\u0131da\u2019n\u0131n OYAK Gruba sat\u0131\u015f\u0131 taraf\u0131mdan y\u00f6netilmi\u015f ve \u015firket i\u00e7in ek 4 milyon dolar k\u00e2r sa\u011flanm\u0131\u015ft\u0131r.<\/p>\n<p>\u00a0<\/p>\n\n<p>2020 y\u0131l\u0131n\u0131n Temmuz ay\u0131ndan Aral\u0131k ay\u0131na kadar T\u00fcrk \u015eeker Tar\u0131m A.\u015e.\u2019de Genel M\u00fcd\u00fcr olarak g\u00f6rev yapan\u00a0 bu d\u00f6nemde 5 ayl\u0131k s\u00fcre\u00e7te 1,5 milyar TL ciro elde edilmesini sa\u011flam\u0131\u015ft\u0131r. \u00dcretimler, ulusal ve yerel marketlere sat\u0131\u015f yap\u0131larak ba\u015far\u0131l\u0131 bir \u015fekilde ger\u00e7ekle\u015ftirilmi\u015f, 2000 \u00e7ift\u00e7i ile 70.000 dekar alanda s\u00f6zle\u015fmeli tar\u0131m yap\u0131lm\u0131\u015ft\u0131r.<\/p>\n<p>\u00a0<\/p>\n\n<p>Ocak 2018 ile Mart 2020 tarihleri aras\u0131nda Tar\u0131m Kredi Birlik A.\u015e.\u2019de Genel M\u00fcd\u00fcr olarak g\u00f6rev yapm\u0131\u015ft\u0131r. \u0130ki y\u0131l i\u00e7inde \u015firketin cirosu 347 milyon TL\u2019den 2,3 milyar TL\u2019ye y\u00fckseltilmi\u015f, yurt i\u00e7i ve yurt d\u0131\u015f\u0131 sat\u0131\u015flarla ciro yakla\u015f\u0131k 8 kat art\u0131r\u0131lm\u0131\u015ft\u0131r. 1050 \u00e7e\u015fit \u00fcr\u00fcnle 507\u2019si \u015firkete \u00f6zg\u00fc re\u00e7etelere sahip Kooperatif marketlerin a\u00e7\u0131lmas\u0131 sa\u011flanm\u0131\u015ft\u0131r. \u00c7ift\u00e7ilerle yap\u0131lan s\u00f6zle\u015fmeli tar\u0131m anla\u015fmalar\u0131 ile enflasyonu d\u00fc\u015f\u00fcr\u00fcc\u00fc ad\u0131mlar at\u0131lm\u0131\u015f, \u00fcretim at\u0131l kapasiteli 87 firma ve tar\u0131m kredinin 7 fabrikas\u0131 ile planlanarak ger\u00e7ekle\u015ftirilmi\u015ftir.<\/p>\n<p>\u00a0<\/p>\n\n<p>Daha \u00f6nce, T\u00fcbitak Ba\u015fkanl\u0131k Dan\u0131\u015fmanl\u0131\u011f\u0131 (Mart 2016 \u2013 Kas\u0131m 2016), Konya \u015eeker Anadolu Birlik Holding Panek A.\u015e.\u2019de Genel M\u00fcd\u00fcrl\u00fck (Aral\u0131k 2012 \u2013 Eyl\u00fcl 2014) gibi g\u00f6revlerde bulunan bu s\u00fcre\u00e7te g\u00fcnl\u00fck \u00fcretim ve sat\u0131\u015f kapasitelerini art\u0131rm\u0131\u015f, yerel ve ulusal pazarda \u00f6nemli pazar pay\u0131 elde etmi\u015ftir. Ayr\u0131ca, Kombassan Holding Kom G\u0131da A.\u015e.\u2019de (\u015eubat 2010 \u2013 Aral\u0131k 2012) Genel M\u00fcd\u00fcrl\u00fck yaparak firman\u0131n cirosunu ve ihracat\u0131n\u0131 art\u0131rm\u0131\u015f, \u00dclker Grubu Atlas G\u0131da A.\u015e.\u2019de \u0130stanbul ve Ankara b\u00f6lge y\u00f6neticili\u011fi gibi pozisyonlarda bulunarak geni\u015f sat\u0131\u015f ve da\u011f\u0131t\u0131m a\u011flar\u0131 kurmu\u015ftur.<\/p>\n<p>\u00a0<\/p>\n\n<p>Abant \u0130zzet Baysal \u00dcniversitesi \u0130\u015fletme B\u00f6l\u00fcm\u00fc mezunu olan Hasan H\u00fcseyin Demir\u00f6z, Etkin Liderlik Y\u00f6netimi, Sat\u0131\u015f Teknikleri ve Zaman Y\u00f6netimi gibi konularda e\u011fitimler alm\u0131\u015ft\u0131r. Orta derecede \u0130ngilizce bilmekte, evli ve \u00fc\u00e7 erkek \u00e7ocuk babas\u0131d\u0131r. Edebiyat ve T\u00fcrk Halk M\u00fczi\u011fi ile ilgilenmektedir.<\/p>\n\t\t\t\t\t\t\t\t<\/div>\n\t\t\t\t<\/div>\n\t\t<div class=\"elementor-element elementor-element-3c6fbd1 e-con-full e-flex e-con e-child\" data-id=\"3c6fbd1\" data-element_type=\"container\">\n\t\t\t\t<div class=\"elementor-element elementor-element-d812bca elementor-widget elementor-widget-image\" data-id=\"d812bca\" data-element_type=\"widget\" data-widget_type=\"image.default\">\n\t\t\t\t\t\t\t\t\t\t\t\t\t\t\t<img loading=\"lazy\" decoding=\"async\" width=\"350\" height=\"550\" src=\"https:\/\/anahtarim.anahtarparti.org\/wp-content\/uploads\/2026\/01\/Hasan-Huseyin-Demiroz-1-rfzs4jkeczwuc1oo6brwp33rq2ygu053jmh4h1j5rw.webp\" class=\"attachment-full size-full wp-image-14506\" alt=\"\" srcset=\"https:\/\/anahtarim.anahtarparti.org\/wp-content\/uploads\/2026\/01\/Hasan-Huseyin-Demiroz-1-rfzs4jkeczwuc1oo6brwp33rq2ygu053jmh4h1j5rw.webp 350w, https:\/\/anahtarim.anahtarparti.org\/wp-content\/uploads\/2026\/01\/Hasan-Huseyin-Demiroz-1-rfzs4jkeczwuc1oo6brwp33rq2ygu053jmh4h1j5rw-191x300.webp 191w\" sizes=\"auto, (max-width: 350px) 100vw, 350px\" \/>\t\t\t\t\t\t\t\t\t\t\t\t\t\t\t<\/div>\n\t\t\t\t<\/div>\n\t\t\t\t\t<\/div>\n\t\t\t\t<\/div>\n\t\t\t\t<\/div>\n\t\t","protected":false},"excerpt":{"rendered":"<p>\u00a0 \u00a0 \u00a0 \u00a0 \u00a0 \u00a0 \u00a0 \u00a0 \u00a0 \u00a0 Hasan H\u00fcseyin Demir\u00f6z \u00a0 \u00a0 \u00a0 \u00a0 \u00a0 \u00a0 \u00a0 \u00a0 \u00a0 \u00a0 \u00a0 \u00a0 \u00a0 \u00a0 \u00a0\u00d6zel Sekt\u00f6r Y\u00f6netici \u00a0 Hasan H\u00fcseyin Demir\u00f6z, uzun y\u0131llara dayanan kamu ve \u00f6zel sekt\u00f6r tecr\u00fcbesine sahip bir y\u00f6neticidir. Aral\u0131k 2021 ile Haziran 2023 tarihleri aras\u0131nda Hazine ve Maliye [&hellip;]<\/p>\n","protected":false},"author":1,"featured_media":0,"parent":0,"menu_order":0,"comment_status":"closed","ping_status":"closed","template":"","meta":{"footnotes":""},"class_list":["post-14456","page","type-page","status-publish","hentry"],"_links":{"self":[{"href":"https:\/\/anahtarim.anahtarparti.org\/index.php\/wp-json\/wp\/v2\/pages\/14456","targetHints":{"allow":["GET"]}}],"collection":[{"href":"https:\/\/anahtarim.anahtarparti.org\/index.php\/wp-json\/wp\/v2\/pages"}],"about":[{"href":"https:\/\/anahtarim.anahtarparti.org\/index.php\/wp-json\/wp\/v2\/types\/page"}],"author":[{"embeddable":true,"href":"https:\/\/anahtarim.anahtarparti.org\/index.php\/wp-json\/wp\/v2\/users\/1"}],"replies":[{"embeddable":true,"href":"https:\/\/anahtarim.anahtarparti.org\/index.php\/wp-json\/wp\/v2\/comments?post=14456"}],"version-history":[{"count":7,"href":"https:\/\/anahtarim.anahtarparti.org\/index.php\/wp-json\/wp\/v2\/pages\/14456\/revisions"}],"predecessor-version":[{"id":14512,"href":"https:\/\/anahtarim.anahtarparti.org\/index.php\/wp-json\/wp\/v2\/pages\/14456\/revisions\/14512"}],"wp:attachment":[{"href":"https:\/\/anahtarim.anahtarparti.org\/index.php\/wp-json\/wp\/v2\/media?parent=14456"}],"curies":[{"name":"wp","href":"https:\/\/api.w.org\/{rel}","templated":true}]}}