{"id":14943,"date":"2026-02-06T13:41:41","date_gmt":"2026-02-06T13:41:41","guid":{"rendered":"https:\/\/anahtarim.anahtarparti.org\/?page_id=14943"},"modified":"2026-02-06T13:44:59","modified_gmt":"2026-02-06T13:44:59","slug":"haberler","status":"publish","type":"page","link":"https:\/\/anahtarim.anahtarparti.org\/index.php\/haberler\/","title":{"rendered":"Haberler"},"content":{"rendered":"\t\t<div data-elementor-type=\"wp-page\" data-elementor-id=\"14943\" class=\"elementor elementor-14943\">\n\t\t\t\t\t\t<section class=\"elementor-section elementor-top-section elementor-element elementor-element-747c289c elementor-section-stretched elementor-section-boxed elementor-section-height-default elementor-section-height-default\" data-id=\"747c289c\" data-element_type=\"section\" data-settings=\"{&quot;stretch_section&quot;:&quot;section-stretched&quot;,&quot;background_background&quot;:&quot;classic&quot;}\">\n\t\t\t\t\t\t\t<div class=\"elementor-background-overlay\"><\/div>\n\t\t\t\t\t\t\t<div class=\"elementor-container elementor-column-gap-default\">\n\t\t\t\t\t<div class=\"elementor-column elementor-col-100 elementor-top-column elementor-element elementor-element-4ec2c003\" data-id=\"4ec2c003\" data-element_type=\"column\">\n\t\t\t<div class=\"elementor-widget-wrap elementor-element-populated\">\n\t\t\t\t\t\t<div class=\"elementor-element elementor-element-34ec0a13 elementor-widget elementor-widget-heading\" data-id=\"34ec0a13\" data-element_type=\"widget\" data-widget_type=\"heading.default\">\n\t\t\t\t\t<h5 class=\"elementor-heading-title elementor-size-default\">Bizi Takip Edin<\/h5>\t\t\t\t<\/div>\n\t\t\t\t<div class=\"elementor-element elementor-element-50fbb414 elementor-widget elementor-widget-heading\" data-id=\"50fbb414\" data-element_type=\"widget\" data-widget_type=\"heading.default\">\n\t\t\t\t\t<h2 class=\"elementor-heading-title elementor-size-default\">HABERLER<\/h2>\t\t\t\t<\/div>\n\t\t\t\t<div class=\"elementor-element elementor-element-15bb8c6b elementor-widget elementor-widget-postgrid\" data-id=\"15bb8c6b\" data-element_type=\"widget\" data-widget_type=\"postgrid.default\">\n\t\t\t\t<div class=\"elementor-widget-container\">\n\t\t\t\t\t\n<div class=\"nd_elements_section nd_elements_masonry_content nd_elements_posgrid_widget_l2\">\n    \t<div class=\" nd_elements_width_50_percentage nd_elements_width_100_percentage_responsive nd_elements_float_left nd_elements_masonry_item nd_elements_padding_15 nd_elements_box_sizing_border_box\">\n\n    \t\t<div class=\"nd_elements_section nd_elements_background_color_fff nd_elements_box_shadow_0_0_15_0_0001\">\n\n\t    \t\t<div class=\"nd_elements_section nd_elements_padding_40 nd_elements_padding_20_iphone nd_elements_box_sizing_border_box\">\n\t    \t\t \n\t    \t\t\t\n\t\t    <p class=\"nd_elements_margin_0_important nd_elements_padding_0 nd_elements_posgrid_widget_l2_cat nd_elements_letter_spacing_1 nd_elements_font_size_13 nd_elements_text_transform_uppercase nd_elements_line_height_13 nd_elements_padding_left_15 nd_elements_border_left_style_solid nd_elements_border_width_2\">Haberler<\/p>\n\t\t    <div class=\"nd_elements_section nd_elements_height_10\"><\/div>\n\t\t    \n\n\t\t\t    \t<a class=\"nd_elements_section\" href=\"https:\/\/anahtarim.anahtarparti.org\/index.php\/2022\/09\/08\/anahtar-parti-tarim-ve-gida-guvenliginde-havza-merkezli-yeni-modeli-acikladi\/\">\n\t\t\t    \t\t<h3 class=\"nd_elements_font_size_23 nd_elements_word_break_break_word nd_elements_posgrid_widget_l2_title nd_elements_font_size_20_iphone nd_elements_line_height_23 nd_elements_margin_0_important nd_elements_letter_spacing_1\"><strong>Anahtar Parti tar\u0131m ve g\u0131da g\u00fcvenli\u011finde havza merkezli yeni modeli a\u00e7\u0131klad\u0131<\/strong><\/h3>\n\t\t\t    \t<\/a>\n\t\t\t    \t\n\t\t\t    \t<div class=\"nd_elements_section nd_elements_height_20\"><\/div>\n\t\t\t    \t<p class=\"nd_elements_font_size_15 nd_elements_section nd_elements_posgrid_widget_l2_excerpt nd_elements_margin_0_important\">Anahtar Parti Genel Ba\u015fkan\u0131 Yavuz A\u011f\u0131ralio\u011flu\u2019nun kat\u0131l\u0131m\u0131yla tar\u0131mda planlama, finansman, \u00fcretim..<\/p>\n\t\t\t    \t<div class=\"nd_elements_section nd_elements_height_20\"><\/div>\n\t\t\t    \t\n\t\t\t    \t<a class=\"nd_elements_padding_10_20 nd_options_color_white nd_elements_font_size_13 nd_elements_posgrid_widget_l2_button nd_elements_line_height_13\" style=\"background-color:#2780ba\" href=\"https:\/\/anahtarim.anahtarparti.org\/index.php\/2022\/09\/08\/anahtar-parti-tarim-ve-gida-guvenliginde-havza-merkezli-yeni-modeli-acikladi\/\"><strong>READ MORE<\/strong><\/a>\n\t\t\t    \t\n\t\t\t\t<\/div>\n\n\t\t\t<\/div>\n\t    \t\n\t\t<\/div>\n    \t<div class=\" nd_elements_width_50_percentage nd_elements_width_100_percentage_responsive nd_elements_float_left nd_elements_masonry_item nd_elements_padding_15 nd_elements_box_sizing_border_box\">\n\n    \t\t<div class=\"nd_elements_section nd_elements_background_color_fff nd_elements_box_shadow_0_0_15_0_0001\">\n\n\t    \t\t<div class=\"nd_elements_section nd_elements_padding_40 nd_elements_padding_20_iphone nd_elements_box_sizing_border_box\">\n\t    \t\t \n\t    \t\t\t\n\t\t    <p class=\"nd_elements_margin_0_important nd_elements_padding_0 nd_elements_posgrid_widget_l2_cat nd_elements_letter_spacing_1 nd_elements_font_size_13 nd_elements_text_transform_uppercase nd_elements_line_height_13 nd_elements_padding_left_15 nd_elements_border_left_style_solid nd_elements_border_width_2\">Haberler<\/p>\n\t\t    <div class=\"nd_elements_section nd_elements_height_10\"><\/div>\n\t\t    \n\n\t\t\t    \t<a class=\"nd_elements_section\" href=\"https:\/\/anahtarim.anahtarparti.org\/index.php\/2022\/09\/08\/anahtar-partiden-tarim-politikalari-icin-sanliurfa-cikarmasi\/\">\n\t\t\t    \t\t<h3 class=\"nd_elements_font_size_23 nd_elements_word_break_break_word nd_elements_posgrid_widget_l2_title nd_elements_font_size_20_iphone nd_elements_line_height_23 nd_elements_margin_0_important nd_elements_letter_spacing_1\"><strong>Anahtar Parti\u2019den tar\u0131m politikalar\u0131 i\u00e7in \u015eanl\u0131urfa \u00c7\u0131karmas\u0131<\/strong><\/h3>\n\t\t\t    \t<\/a>\n\t\t\t    \t\n\t\t\t    \t<div class=\"nd_elements_section nd_elements_height_20\"><\/div>\n\t\t\t    \t<p class=\"nd_elements_font_size_15 nd_elements_section nd_elements_posgrid_widget_l2_excerpt nd_elements_margin_0_important\">Anahtar Parti Genel Ba\u015fkan Yard\u0131mc\u0131s\u0131 ve Tar\u0131m Politikalar\u0131 Ba\u015fkan\u0131 Hasan H\u00fcseyin Demir\u00f6z, \u015eanl\u0131urfa\u2019ya geldi.<\/p>\n\t\t\t    \t<div class=\"nd_elements_section nd_elements_height_20\"><\/div>\n\t\t\t    \t\n\t\t\t    \t<a class=\"nd_elements_padding_10_20 nd_options_color_white nd_elements_font_size_13 nd_elements_posgrid_widget_l2_button nd_elements_line_height_13\" style=\"background-color:#2780ba\" href=\"https:\/\/anahtarim.anahtarparti.org\/index.php\/2022\/09\/08\/anahtar-partiden-tarim-politikalari-icin-sanliurfa-cikarmasi\/\"><strong>READ MORE<\/strong><\/a>\n\t\t\t    \t\n\t\t\t\t<\/div>\n\n\t\t\t<\/div>\n\t    \t\n\t\t<\/div>\n    \t<div class=\" nd_elements_width_50_percentage nd_elements_width_100_percentage_responsive nd_elements_float_left nd_elements_masonry_item nd_elements_padding_15 nd_elements_box_sizing_border_box\">\n\n    \t\t<div class=\"nd_elements_section nd_elements_background_color_fff nd_elements_box_shadow_0_0_15_0_0001\">\n\n\t    \t\t<div class=\"nd_elements_section nd_elements_padding_40 nd_elements_padding_20_iphone nd_elements_box_sizing_border_box\">\n\t    \t\t \n\t    \t\t\t\n\t\t    <p class=\"nd_elements_margin_0_important nd_elements_padding_0 nd_elements_posgrid_widget_l2_cat nd_elements_letter_spacing_1 nd_elements_font_size_13 nd_elements_text_transform_uppercase nd_elements_line_height_13 nd_elements_padding_left_15 nd_elements_border_left_style_solid nd_elements_border_width_2\">Haberler<\/p>\n\t\t    <div class=\"nd_elements_section nd_elements_height_10\"><\/div>\n\t\t    \n\n\t\t\t    \t<a class=\"nd_elements_section\" href=\"https:\/\/anahtarim.anahtarparti.org\/index.php\/2022\/09\/08\/anahtar-parti-tarim-ve-gida-guvenligi-lansmani-duzenledi\/\">\n\t\t\t    \t\t<h3 class=\"nd_elements_font_size_23 nd_elements_word_break_break_word nd_elements_posgrid_widget_l2_title nd_elements_font_size_20_iphone nd_elements_line_height_23 nd_elements_margin_0_important nd_elements_letter_spacing_1\"><strong>Anahtar Parti, &#8220;Tar\u0131m ve G\u0131da G\u00fcvenli\u011fi Lansman\u0131&#8221; d\u00fczenledi<\/strong><\/h3>\n\t\t\t    \t<\/a>\n\t\t\t    \t\n\t\t\t    \t<div class=\"nd_elements_section nd_elements_height_20\"><\/div>\n\t\t\t    \t<p class=\"nd_elements_font_size_15 nd_elements_section nd_elements_posgrid_widget_l2_excerpt nd_elements_margin_0_important\">ANKARA (AA) - Anahtar Parti Tar\u0131m ve G\u0131da G\u00fcvenli\u011fi Politikalar\u0131 Ba\u015fkanl\u0131\u011f\u0131nca \"Tar\u0131m ve G\u0131da G\u00fcvenli\u011fi Lansman\u0131\" program\u0131 d\u00fczenlendi.<\/p>\n\t\t\t    \t<div class=\"nd_elements_section nd_elements_height_20\"><\/div>\n\t\t\t    \t\n\t\t\t    \t<a class=\"nd_elements_padding_10_20 nd_options_color_white nd_elements_font_size_13 nd_elements_posgrid_widget_l2_button nd_elements_line_height_13\" style=\"background-color:#ef884c\" href=\"https:\/\/anahtarim.anahtarparti.org\/index.php\/2022\/09\/08\/anahtar-parti-tarim-ve-gida-guvenligi-lansmani-duzenledi\/\"><strong>READ MORE<\/strong><\/a>\n\t\t\t    \t\n\t\t\t\t<\/div>\n\n\t\t\t<\/div>\n\t    \t\n\t\t<\/div>\n    \t<div class=\" nd_elements_width_50_percentage nd_elements_width_100_percentage_responsive nd_elements_float_left nd_elements_masonry_item nd_elements_padding_15 nd_elements_box_sizing_border_box\">\n\n    \t\t<div class=\"nd_elements_section nd_elements_background_color_fff nd_elements_box_shadow_0_0_15_0_0001\">\n\n\t    \t\t<div class=\"nd_elements_section nd_elements_padding_40 nd_elements_padding_20_iphone nd_elements_box_sizing_border_box\">\n\t    \t\t \n\t    \t\t\t\n\t\t    <p class=\"nd_elements_margin_0_important nd_elements_padding_0 nd_elements_posgrid_widget_l2_cat nd_elements_letter_spacing_1 nd_elements_font_size_13 nd_elements_text_transform_uppercase nd_elements_line_height_13 nd_elements_padding_left_15 nd_elements_border_left_style_solid nd_elements_border_width_2\">Haberler<\/p>\n\t\t    <div class=\"nd_elements_section nd_elements_height_10\"><\/div>\n\t\t    \n\n\t\t\t    \t<a class=\"nd_elements_section\" href=\"https:\/\/anahtarim.anahtarparti.org\/index.php\/2022\/09\/08\/afganlar-olmazsa-hayvancilik-olmaz-anlayisini-bitirecegiz\/\">\n\t\t\t    \t\t<h3 class=\"nd_elements_font_size_23 nd_elements_word_break_break_word nd_elements_posgrid_widget_l2_title nd_elements_font_size_20_iphone nd_elements_line_height_23 nd_elements_margin_0_important nd_elements_letter_spacing_1\"><strong>\u201cAfganlar olmazsa hayvanc\u0131l\u0131k olmaz anlay\u0131\u015f\u0131n\u0131 bitirece\u011fiz\u201d<\/strong><\/h3>\n\t\t\t    \t<\/a>\n\t\t\t    \t\n\t\t\t    \t<div class=\"nd_elements_section nd_elements_height_20\"><\/div>\n\t\t\t    \t<p class=\"nd_elements_font_size_15 nd_elements_section nd_elements_posgrid_widget_l2_excerpt nd_elements_margin_0_important\">Anahtar Parti\u2019nin politikalar\u0131, Tar\u0131m ve G\u0131da G\u00fcvenli\u011fi Politikalar\u0131 Ba\u015fkan\u0131 Hasan H\u00fcseyin Demir\u00f6z ve Genel Ba\u015fkan Yavuz A\u011f\u0131ralio\u011flu taraf\u0131ndan kamuoyuna duyuruldu.<\/p>\n\t\t\t    \t<div class=\"nd_elements_section nd_elements_height_20\"><\/div>\n\t\t\t    \t\n\t\t\t    \t<a class=\"nd_elements_padding_10_20 nd_options_color_white nd_elements_font_size_13 nd_elements_posgrid_widget_l2_button nd_elements_line_height_13\" style=\"background-color:#ef884c\" href=\"https:\/\/anahtarim.anahtarparti.org\/index.php\/2022\/09\/08\/afganlar-olmazsa-hayvancilik-olmaz-anlayisini-bitirecegiz\/\"><strong>READ MORE<\/strong><\/a>\n\t\t\t    \t\n\t\t\t\t<\/div>\n\n\t\t\t<\/div>\n\t    \t\n\t\t<\/div>\n<\/div>\t\t\t\t<\/div>\n\t\t\t\t<\/div>\n\t\t\t\t<div class=\"elementor-element elementor-element-632f2af3 elementor-widget elementor-widget-html\" data-id=\"632f2af3\" data-element_type=\"widget\" data-widget_type=\"html.default\">\n\t\t\t\t\t<script>\n    function replaceReadMore() {\n        document.querySelectorAll('.nd_elements_posgrid_widget_l2_button').forEach(function (btn) {\n            if (btn.textContent.trim() === 'READ MORE') {\n                btn.textContent = 'Haberi Oku';\n            }\n        });\n    }\n\n    replaceReadMore();\n    \n    const targetNode = document.querySelector('.read-more');\n    \n    if(targetNode)\n    {\n        const observer = new MutationObserver(function () {\n        replaceReadMore();\n            \n        });\n        \n        observer.observe(targetNode, {\n        childList: true,\n        subtree: true\n        });\n    }\n<\/script>\t\t\t\t<\/div>\n\t\t\t\t\t<\/div>\n\t\t<\/div>\n\t\t\t\t\t<\/div>\n\t\t<\/section>\n\t\t\t\t<\/div>\n\t\t","protected":false},"excerpt":{"rendered":"<p>Bizi Takip Edin HABERLER Haberler Anahtar Parti\u2019den tar\u0131m politikalar\u0131 i\u00e7in \u015eanl\u0131urfa \u00c7\u0131karmas\u0131 Anahtar Parti Genel Ba\u015fkan Yard\u0131mc\u0131s\u0131 ve Tar\u0131m Politikalar\u0131 Ba\u015fkan\u0131 Hasan H\u00fcseyin Demir\u00f6z, \u015eanl\u0131urfa\u2019ya geldi. READ MORE Haberler Anahtar Parti tar\u0131m ve g\u0131da g\u00fcvenli\u011finde havza merkezli yeni modeli a\u00e7\u0131klad\u0131 Anahtar Parti Genel Ba\u015fkan\u0131 Yavuz A\u011f\u0131ralio\u011flu\u2019nun kat\u0131l\u0131m\u0131yla tar\u0131mda planlama, finansman, \u00fcretim.. READ MORE Haberler \u201cAfganlar [&hellip;]<\/p>\n","protected":false},"author":1,"featured_media":0,"parent":0,"menu_order":0,"comment_status":"closed","ping_status":"closed","template":"","meta":{"footnotes":""},"class_list":["post-14943","page","type-page","status-publish","hentry"],"_links":{"self":[{"href":"https:\/\/anahtarim.anahtarparti.org\/index.php\/wp-json\/wp\/v2\/pages\/14943","targetHints":{"allow":["GET"]}}],"collection":[{"href":"https:\/\/anahtarim.anahtarparti.org\/index.php\/wp-json\/wp\/v2\/pages"}],"about":[{"href":"https:\/\/anahtarim.anahtarparti.org\/index.php\/wp-json\/wp\/v2\/types\/page"}],"author":[{"embeddable":true,"href":"https:\/\/anahtarim.anahtarparti.org\/index.php\/wp-json\/wp\/v2\/users\/1"}],"replies":[{"embeddable":true,"href":"https:\/\/anahtarim.anahtarparti.org\/index.php\/wp-json\/wp\/v2\/comments?post=14943"}],"version-history":[{"count":10,"href":"https:\/\/anahtarim.anahtarparti.org\/index.php\/wp-json\/wp\/v2\/pages\/14943\/revisions"}],"predecessor-version":[{"id":14957,"href":"https:\/\/anahtarim.anahtarparti.org\/index.php\/wp-json\/wp\/v2\/pages\/14943\/revisions\/14957"}],"wp:attachment":[{"href":"https:\/\/anahtarim.anahtarparti.org\/index.php\/wp-json\/wp\/v2\/media?parent=14943"}],"curies":[{"name":"wp","href":"https:\/\/api.w.org\/{rel}","templated":true}]}}