{"id":5346,"date":"2022-04-19T08:35:41","date_gmt":"2022-04-19T08:35:41","guid":{"rendered":"http:\/\/www.nicdarkthemes.com\/themes\/hotel-booking\/wp\/demo\/hotel\/?page_id=5346"},"modified":"2022-04-19T08:35:41","modified_gmt":"2022-04-19T08:35:41","slug":"header-03","status":"publish","type":"page","link":"https:\/\/anahtarim.anahtarparti.org\/index.php\/header-pages\/header-03\/","title":{"rendered":"Header 03"},"content":{"rendered":"\t\t<div data-elementor-type=\"wp-page\" data-elementor-id=\"5346\" class=\"elementor elementor-5346\">\n\t\t\t\t\t\t<section class=\"elementor-section elementor-top-section elementor-element elementor-element-71e3c7d elementor-section-stretched elementor-hidden-tablet elementor-hidden-mobile elementor-section-boxed elementor-section-height-default elementor-section-height-default elementor-invisible\" data-id=\"71e3c7d\" data-element_type=\"section\" id=\"header_1_topheader\" data-settings=\"{&quot;stretch_section&quot;:&quot;section-stretched&quot;,&quot;animation&quot;:&quot;fadeIn&quot;}\">\n\t\t\t\t\t\t<div class=\"elementor-container elementor-column-gap-default\">\n\t\t\t\t\t<div class=\"elementor-column elementor-col-50 elementor-top-column elementor-element elementor-element-9153055\" data-id=\"9153055\" data-element_type=\"column\">\n\t\t\t<div class=\"elementor-widget-wrap elementor-element-populated\">\n\t\t\t\t\t\t<div class=\"elementor-element elementor-element-08bbdec elementor-icon-list--layout-inline elementor-tablet-align-center elementor-list-item-link-full_width elementor-widget elementor-widget-icon-list\" data-id=\"08bbdec\" data-element_type=\"widget\" data-widget_type=\"icon-list.default\">\n\t\t\t\t\t\t\t<ul class=\"elementor-icon-list-items elementor-inline-items\">\n\t\t\t\t\t\t\t<li class=\"elementor-icon-list-item elementor-inline-item\">\n\t\t\t\t\t\t\t\t\t\t\t<span class=\"elementor-icon-list-icon\">\n\t\t\t\t\t\t\t<svg aria-hidden=\"true\" class=\"e-font-icon-svg e-far-credit-card\" viewBox=\"0 0 576 512\" xmlns=\"http:\/\/www.w3.org\/2000\/svg\"><path d=\"M527.9 32H48.1C21.5 32 0 53.5 0 80v352c0 26.5 21.5 48 48.1 48h479.8c26.6 0 48.1-21.5 48.1-48V80c0-26.5-21.5-48-48.1-48zM54.1 80h467.8c3.3 0 6 2.7 6 6v42H48.1V86c0-3.3 2.7-6 6-6zm467.8 352H54.1c-3.3 0-6-2.7-6-6V256h479.8v170c0 3.3-2.7 6-6 6zM192 332v40c0 6.6-5.4 12-12 12h-72c-6.6 0-12-5.4-12-12v-40c0-6.6 5.4-12 12-12h72c6.6 0 12 5.4 12 12zm192 0v40c0 6.6-5.4 12-12 12H236c-6.6 0-12-5.4-12-12v-40c0-6.6 5.4-12 12-12h136c6.6 0 12 5.4 12 12z\"><\/path><\/svg>\t\t\t\t\t\t<\/span>\n\t\t\t\t\t\t\t\t\t\t<span class=\"elementor-icon-list-text\">Payment Options<\/span>\n\t\t\t\t\t\t\t\t\t<\/li>\n\t\t\t\t\t\t\t\t<li class=\"elementor-icon-list-item elementor-inline-item\">\n\t\t\t\t\t\t\t\t\t\t\t<span class=\"elementor-icon-list-icon\">\n\t\t\t\t\t\t\t<svg aria-hidden=\"true\" class=\"e-font-icon-svg e-far-check-square\" viewBox=\"0 0 448 512\" xmlns=\"http:\/\/www.w3.org\/2000\/svg\"><path d=\"M400 32H48C21.49 32 0 53.49 0 80v352c0 26.51 21.49 48 48 48h352c26.51 0 48-21.49 48-48V80c0-26.51-21.49-48-48-48zm0 400H48V80h352v352zm-35.864-241.724L191.547 361.48c-4.705 4.667-12.303 4.637-16.97-.068l-90.781-91.516c-4.667-4.705-4.637-12.303.069-16.971l22.719-22.536c4.705-4.667 12.303-4.637 16.97.069l59.792 60.277 141.352-140.216c4.705-4.667 12.303-4.637 16.97.068l22.536 22.718c4.667 4.706 4.637 12.304-.068 16.971z\"><\/path><\/svg>\t\t\t\t\t\t<\/span>\n\t\t\t\t\t\t\t\t\t\t<span class=\"elementor-icon-list-text\">Terms Conditions<\/span>\n\t\t\t\t\t\t\t\t\t<\/li>\n\t\t\t\t\t\t\t\t<li class=\"elementor-icon-list-item elementor-inline-item\">\n\t\t\t\t\t\t\t\t\t\t<span class=\"elementor-icon-list-text\">US<\/span>\n\t\t\t\t\t\t\t\t\t<\/li>\n\t\t\t\t\t\t\t\t<li class=\"elementor-icon-list-item elementor-inline-item\">\n\t\t\t\t\t\t\t\t\t\t<span class=\"elementor-icon-list-text\">IT<\/span>\n\t\t\t\t\t\t\t\t\t<\/li>\n\t\t\t\t\t\t\t\t<li class=\"elementor-icon-list-item elementor-inline-item\">\n\t\t\t\t\t\t\t\t\t\t<span class=\"elementor-icon-list-text\">ES<\/span>\n\t\t\t\t\t\t\t\t\t<\/li>\n\t\t\t\t\t\t<\/ul>\n\t\t\t\t\t\t<\/div>\n\t\t\t\t\t<\/div>\n\t\t<\/div>\n\t\t\t\t<div class=\"elementor-column elementor-col-50 elementor-top-column elementor-element elementor-element-fb2c8a3\" data-id=\"fb2c8a3\" data-element_type=\"column\">\n\t\t\t<div class=\"elementor-widget-wrap elementor-element-populated\">\n\t\t\t\t\t\t<section class=\"elementor-section elementor-inner-section elementor-element elementor-element-60d36ba elementor-section-full_width elementor-section-height-default elementor-section-height-default\" data-id=\"60d36ba\" data-element_type=\"section\">\n\t\t\t\t\t\t<div class=\"elementor-container elementor-column-gap-default\">\n\t\t\t\t\t<div class=\"elementor-column elementor-col-25 elementor-inner-column elementor-element elementor-element-84de907\" data-id=\"84de907\" data-element_type=\"column\">\n\t\t\t<div class=\"elementor-widget-wrap elementor-element-populated\">\n\t\t\t\t\t\t<div class=\"elementor-element elementor-element-8cecb23 elementor-icon-list--layout-inline elementor-align-end elementor-tablet-align-center elementor-list-item-link-full_width elementor-widget elementor-widget-icon-list\" data-id=\"8cecb23\" data-element_type=\"widget\" data-widget_type=\"icon-list.default\">\n\t\t\t\t\t\t\t<ul class=\"elementor-icon-list-items elementor-inline-items\">\n\t\t\t\t\t\t\t<li class=\"elementor-icon-list-item elementor-inline-item\">\n\t\t\t\t\t\t\t\t\t\t<span class=\"elementor-icon-list-text\">Our Shop<\/span>\n\t\t\t\t\t\t\t\t\t<\/li>\n\t\t\t\t\t\t<\/ul>\n\t\t\t\t\t\t<\/div>\n\t\t\t\t\t<\/div>\n\t\t<\/div>\n\t\t\t\t<div class=\"elementor-column elementor-col-25 elementor-inner-column elementor-element elementor-element-461289c\" data-id=\"461289c\" data-element_type=\"column\">\n\t\t\t<div class=\"elementor-widget-wrap elementor-element-populated\">\n\t\t\t\t\t\t<div class=\"elementor-element elementor-element-72b67e5 elementor-widget elementor-widget-shortcode\" data-id=\"72b67e5\" data-element_type=\"widget\" data-widget_type=\"shortcode.default\">\n\t\t\t\t\t\t\t<div class=\"elementor-shortcode\">\n\n        <div style=\"margin:15px 10px\" id=\"nd_options_alert_1\" class=\"  nd_options_position_relative nd_options_float_right \">\n            \n            <div id=\"nd_options_alert_1_icon\" class=\"nd_options_position_relative\">\n                <p class=\"nd_options_position_absolute nd_options_color_white nd_options_font_size_10\" style=\"line-height: 10px;padding: 2px 3px;left: 13px;top: -7px;background-color:#ef884c\">4<\/p>\n                <img decoding=\"async\" alt=\"\" class=\"nd_options_float_left\" width=\"20\" src=\"https:\/\/anahtarim.anahtarparti.org\/wp-content\/plugins\/nd-shortcodes\/addons\/customizer\/shortcodes\/alert\/img\/icon-message.svg\">\n            <\/div>\n\n            <div id=\"nd_options_alert_1_messages\" class=\"nd_options_display_none\">\n\n                <div class=\"triangle-up\"><\/div>\n\n                <div style=\"background-color:#fff\" class=\"nd_options_box_sizing_border_box nd_options_padding_10 nd_options_section nd_options_text_align_left\">\n                    \n                    \n\n        <div class=\"  nd_options_section nd_options_position_relative nd_options_box_sizing_border_box nd_options_padding_10 nd_options_min_height_70\">\n            <img decoding=\"async\" alt=\"\" class=\"nd_options_position_absolute\" width=\"50\" src=\"http:\/\/www.nicdarkthemes.com\/themes\/hotel-booking\/wp\/demo\/hotel\/wp-content\/uploads\/sites\/2\/2022\/03\/square-4.jpg\">\n            <div class=\"nd_options_section nd_options_padding_left_70 nd_options_box_sizing_border_box\">\n                <div class=\"nd_options_section nd_options_height_10\"><\/div><a href=\"#\"><h6>Best Hotel Plugin<\/h6><\/a>\n                <div class=\"nd_options_section nd_options_height_10\"><\/div><a href=\"#\"><p class=\"nd_options_font_size_10\">CHECK FEATURES<\/p><\/a>    \n            <\/div>\n        <\/div>\n\n    \n\n        <div class=\"  nd_options_section nd_options_position_relative nd_options_box_sizing_border_box nd_options_padding_10 nd_options_min_height_70\">\n            <img decoding=\"async\" alt=\"\" class=\"nd_options_position_absolute\" width=\"50\" src=\"http:\/\/www.nicdarkthemes.com\/themes\/hotel-booking\/wp\/demo\/hotel\/wp-content\/uploads\/sites\/2\/2022\/03\/square-6.jpg\">\n            <div class=\"nd_options_section nd_options_padding_left_70 nd_options_box_sizing_border_box\">\n                <div class=\"nd_options_section nd_options_height_10\"><\/div><a href=\"#\"><h6>Multi Purpose<\/h6><\/a>\n                <div class=\"nd_options_section nd_options_height_10\"><\/div><a href=\"#\"><p class=\"nd_options_font_size_10\">A LOT OF DEMOS<\/p><\/a>    \n            <\/div>\n        <\/div>\n\n    \n\n        <div class=\"  nd_options_section nd_options_position_relative nd_options_box_sizing_border_box nd_options_padding_10 nd_options_min_height_70\">\n            <img decoding=\"async\" alt=\"\" class=\"nd_options_position_absolute\" width=\"50\" src=\"http:\/\/www.nicdarkthemes.com\/themes\/hotel-booking\/wp\/demo\/hotel\/wp-content\/uploads\/sites\/2\/2022\/03\/square-2.jpg\">\n            <div class=\"nd_options_section nd_options_padding_left_70 nd_options_box_sizing_border_box\">\n                <div class=\"nd_options_section nd_options_height_10\"><\/div><a href=\"#\"><h6>No Code Required<\/h6><\/a>\n                <div class=\"nd_options_section nd_options_height_10\"><\/div><a href=\"#\"><p class=\"nd_options_font_size_10\">VERY EASY TO USE<\/p><\/a>    \n            <\/div>\n        <\/div>\n\n    \n\n                <\/div>\n            <\/div>\n\n        <\/div>\n    <\/div>\n\t\t\t\t\t\t<\/div>\n\t\t\t\t\t<\/div>\n\t\t<\/div>\n\t\t\t\t<div class=\"elementor-column elementor-col-25 elementor-inner-column elementor-element elementor-element-d72b31a\" data-id=\"d72b31a\" data-element_type=\"column\">\n\t\t\t<div class=\"elementor-widget-wrap elementor-element-populated\">\n\t\t\t\t\t\t<div class=\"elementor-element elementor-element-9e1d9be elementor-icon-list--layout-inline elementor-align-end elementor-tablet-align-center elementor-list-item-link-full_width elementor-widget elementor-widget-icon-list\" data-id=\"9e1d9be\" data-element_type=\"widget\" data-widget_type=\"icon-list.default\">\n\t\t\t\t\t\t\t<ul class=\"elementor-icon-list-items elementor-inline-items\">\n\t\t\t\t\t\t\t<li class=\"elementor-icon-list-item elementor-inline-item\">\n\t\t\t\t\t\t\t\t\t\t<span class=\"elementor-icon-list-text\">Add Your Review<\/span>\n\t\t\t\t\t\t\t\t\t<\/li>\n\t\t\t\t\t\t<\/ul>\n\t\t\t\t\t\t<\/div>\n\t\t\t\t\t<\/div>\n\t\t<\/div>\n\t\t\t\t<div class=\"elementor-column elementor-col-25 elementor-inner-column elementor-element elementor-element-cddffe5\" data-id=\"cddffe5\" data-element_type=\"column\">\n\t\t\t<div class=\"elementor-widget-wrap elementor-element-populated\">\n\t\t\t\t\t\t<div class=\"elementor-element elementor-element-c003c9a elementor-widget elementor-widget-shortcode\" data-id=\"c003c9a\" data-element_type=\"widget\" data-widget_type=\"shortcode.default\">\n\t\t\t\t\t\t\t<div class=\"elementor-shortcode\">\n\n        <div id=\"\" style=\"background-color:#efc94c\" class=\"  nd_options_display_table nd_options_float_right nd_options_padding_10_20 nd_options_margin_right_15\">\n            <a href=\"http:\/\/www.nicdarkthemes.com\/themes\/hotel-booking\/wp\/demo\/hotel\/booking-account\/\"><img decoding=\"async\" alt=\"\" class=\"nd_options_margin_right_10 nd_options_display_table_cell nd_options_vertical_align_middle nd_options_border_radius_100_percentage\" width=\"30\" src=\"https:\/\/anahtarim.anahtarparti.org\/wp-content\/plugins\/nd-shortcodes\/addons\/customizer\/shortcodes\/login\/img\/avatar.jpg\"><\/a>\n            <div class=\"nd_options_display_table_cell nd_options_vertical_align_middle\">\n                <p class=\"nd_options_font_size_12 nd_options_text_align_left\"><a class=\"nd_options_color_white nd_options_first_font\" href=\"http:\/\/www.nicdarkthemes.com\/themes\/hotel-booking\/wp\/demo\/hotel\/booking-account\/\">My Account<\/a><\/p>\n                <div class=\"nd_options_section nd_options_height_5\"><\/div>\n                <h6 class=\"nd_options_font_size_10 nd_options_text_align_left nd_options_color_white nd_options_second_font\"><a class=\"nd_options_color_white\" href=\"http:\/\/www.nicdarkthemes.com\/themes\/hotel-booking\/wp\/demo\/hotel\/booking-account\/\">LOG IN<\/a><\/h6>\n            <\/div>\n            \n        <\/div>\n\n    <\/div>\n\t\t\t\t\t\t<\/div>\n\t\t\t\t\t<\/div>\n\t\t<\/div>\n\t\t\t\t\t<\/div>\n\t\t<\/section>\n\t\t\t\t\t<\/div>\n\t\t<\/div>\n\t\t\t\t\t<\/div>\n\t\t<\/section>\n\t\t\t\t<section class=\"elementor-section elementor-top-section elementor-element elementor-element-18a841b elementor-section-stretched elementor-section-boxed elementor-section-height-default elementor-section-height-default elementor-invisible\" data-id=\"18a841b\" data-element_type=\"section\" id=\"header_1_nav\" data-settings=\"{&quot;stretch_section&quot;:&quot;section-stretched&quot;,&quot;background_background&quot;:&quot;classic&quot;,&quot;animation&quot;:&quot;fadeInDown&quot;,&quot;animation_delay&quot;:&quot;200&quot;}\">\n\t\t\t\t\t\t<div class=\"elementor-container elementor-column-gap-default\">\n\t\t\t\t\t<div class=\"elementor-column elementor-col-33 elementor-top-column elementor-element elementor-element-be55eff\" data-id=\"be55eff\" data-element_type=\"column\">\n\t\t\t<div class=\"elementor-widget-wrap elementor-element-populated\">\n\t\t\t\t\t\t<div class=\"elementor-element elementor-element-40696cf elementor-widget elementor-widget-image\" data-id=\"40696cf\" data-element_type=\"widget\" data-widget_type=\"image.default\">\n\t\t\t\t\t\t\t\t\t\t\t\t\t\t\t\t<a href=\"http:\/\/www.nicdarkthemes.com\/themes\/hotel-booking\/wp\/demo\/hotel\/\">\n\t\t\t\t\t\t\t<img decoding=\"async\" src=\"http:\/\/www.nicdarkthemes.com\/themes\/charity-foundation\/wp\/demo\/charity-foundation\/wp-content\/uploads\/sites\/2\/2022\/10\/logo-white.png\" title=\"\" alt=\"\" loading=\"lazy\" \/>\t\t\t\t\t\t\t\t<\/a>\n\t\t\t\t\t\t\t\t\t\t\t\t\t\t\t<\/div>\n\t\t\t\t\t<\/div>\n\t\t<\/div>\n\t\t\t\t<div class=\"elementor-column elementor-col-33 elementor-top-column elementor-element elementor-element-720d61a\" data-id=\"720d61a\" data-element_type=\"column\">\n\t\t\t<div class=\"elementor-widget-wrap elementor-element-populated\">\n\t\t\t\t\t\t<div class=\"elementor-element elementor-element-819f212 elementor-widget elementor-widget-navigation\" data-id=\"819f212\" data-element_type=\"widget\" data-widget_type=\"navigation.default\">\n\t\t\t\t<div class=\"elementor-widget-container\">\n\t\t\t\t\t\n\t\t<div class=\"nd_elements_section\">\n\t\t\t<div class=\"nd_elements_navigation_component\">\n\n\t\t\t\t<div class=\"menu-main-menu-container\"><ul id=\"menu-main-menu\" class=\"menu\"><li id=\"menu-item-14746\" class=\"menu-item menu-item-type-post_type menu-item-object-page menu-item-home menu-item-14746\"><a href=\"https:\/\/anahtarim.anahtarparti.org\/\">ANA SAYFA<\/a><\/li>\n<li id=\"menu-item-14740\" class=\"menu-item menu-item-type-custom menu-item-object-custom menu-item-has-children menu-item-14740\"><a href=\"#\">HAKKIMIZDA<\/a>\n<ul class=\"sub-menu\">\n\t<li id=\"menu-item-14741\" class=\"menu-item menu-item-type-post_type menu-item-object-page menu-item-14741\"><a href=\"https:\/\/anahtarim.anahtarparti.org\/index.php\/tarim-politikasi-baskanimiz\/\">Tar\u0131m Politikas\u0131 Ba\u015fkan\u0131m\u0131z<\/a><\/li>\n\t<li id=\"menu-item-14867\" class=\"menu-item menu-item-type-post_type menu-item-object-page menu-item-14867\"><a href=\"https:\/\/anahtarim.anahtarparti.org\/index.php\/istisare-kurulumuz\/\">\u0130sti\u015fare Kurulumuz<\/a><\/li>\n<\/ul>\n<\/li>\n<li id=\"menu-item-14742\" class=\"menu-item menu-item-type-post_type menu-item-object-page menu-item-14742\"><a href=\"https:\/\/anahtarim.anahtarparti.org\/index.php\/politikamiz\/\">POL\u0130T\u0130KAMIZ<\/a><\/li>\n<li id=\"menu-item-14755\" class=\"menu-item menu-item-type-post_type menu-item-object-page menu-item-14755\"><a href=\"https:\/\/anahtarim.anahtarparti.org\/index.php\/anahtarim-sahada\/\">ANAHTARIM SAHADA<\/a><\/li>\n<li id=\"menu-item-14958\" class=\"menu-item menu-item-type-post_type menu-item-object-page menu-item-14958\"><a href=\"https:\/\/anahtarim.anahtarparti.org\/index.php\/haberler\/\">HABERLER<\/a><\/li>\n<li id=\"menu-item-14959\" class=\"menu-item menu-item-type-custom menu-item-object-custom menu-item-14959\"><a href=\"https:\/\/uyelik.anahtarparti.org\/home\">\u00dcYE OL<\/a><\/li>\n<li id=\"menu-item-14745\" class=\"menu-item menu-item-type-custom menu-item-object-custom menu-item-14745\"><a href=\"https:\/\/www.anahtarparti.org\/bagis-yapin\/\">BA\u011eI\u015e<\/a><\/li>\n<\/ul><\/div>\n\t\t\t\t\n\t\t\t\t<img decoding=\"async\" alt=\"open-navigation\" width=\"25\" class=\"nd_elements_open_navigation_sidebar_content\" src=\"http:\/\/www.nicdarkthemes.com\/themes\/hotel-booking\/wp\/demo\/hotel\/wp-content\/uploads\/sites\/2\/2021\/05\/navigation-.white_.png\">\n\t\t\t\n\t\t\t<\/div>\n\t\t<\/div>\n\n\t\t<!--START menu responsive-->\n\t\t<div class=\"nd_elements_navigation_sidebar_content\">\n\n\t\t\t<img decoding=\"async\" alt=\"close-navigation\" width=\"25\" class=\"nd_elements_close_navigation_sidebar_content\" src=\"https:\/\/anahtarim.anahtarparti.org\/wp-content\/plugins\/nd-elements\/widgets\/navigation\/img\/navigation-close.svg\">\n\n\t\t    <div class=\"nd_elements_navigation_sidebar\">\n\t\t        <div class=\"menu-main-menu-container\"><ul id=\"menu-main-menu-1\" class=\"menu\"><li class=\"menu-item menu-item-type-post_type menu-item-object-page menu-item-home menu-item-14746\"><a href=\"https:\/\/anahtarim.anahtarparti.org\/\">ANA SAYFA<\/a><\/li>\n<li class=\"menu-item menu-item-type-custom menu-item-object-custom menu-item-has-children menu-item-14740\"><a href=\"#\">HAKKIMIZDA<\/a>\n<ul class=\"sub-menu\">\n\t<li class=\"menu-item menu-item-type-post_type menu-item-object-page menu-item-14741\"><a href=\"https:\/\/anahtarim.anahtarparti.org\/index.php\/tarim-politikasi-baskanimiz\/\">Tar\u0131m Politikas\u0131 Ba\u015fkan\u0131m\u0131z<\/a><\/li>\n\t<li class=\"menu-item menu-item-type-post_type menu-item-object-page menu-item-14867\"><a href=\"https:\/\/anahtarim.anahtarparti.org\/index.php\/istisare-kurulumuz\/\">\u0130sti\u015fare Kurulumuz<\/a><\/li>\n<\/ul>\n<\/li>\n<li class=\"menu-item menu-item-type-post_type menu-item-object-page menu-item-14742\"><a href=\"https:\/\/anahtarim.anahtarparti.org\/index.php\/politikamiz\/\">POL\u0130T\u0130KAMIZ<\/a><\/li>\n<li class=\"menu-item menu-item-type-post_type menu-item-object-page menu-item-14755\"><a href=\"https:\/\/anahtarim.anahtarparti.org\/index.php\/anahtarim-sahada\/\">ANAHTARIM SAHADA<\/a><\/li>\n<li class=\"menu-item menu-item-type-post_type menu-item-object-page menu-item-14958\"><a href=\"https:\/\/anahtarim.anahtarparti.org\/index.php\/haberler\/\">HABERLER<\/a><\/li>\n<li class=\"menu-item menu-item-type-custom menu-item-object-custom menu-item-14959\"><a href=\"https:\/\/uyelik.anahtarparti.org\/home\">\u00dcYE OL<\/a><\/li>\n<li class=\"menu-item menu-item-type-custom menu-item-object-custom menu-item-14745\"><a href=\"https:\/\/www.anahtarparti.org\/bagis-yapin\/\">BA\u011eI\u015e<\/a><\/li>\n<\/ul><\/div>\n\t\t    <\/div>\n\n\t\t<\/div>\n\t\t<!--END menu responsive-->\n\t\t\t\t\t\t<\/div>\n\t\t\t\t<\/div>\n\t\t\t\t\t<\/div>\n\t\t<\/div>\n\t\t\t\t<div class=\"elementor-column elementor-col-33 elementor-top-column elementor-element elementor-element-1f935a3\" data-id=\"1f935a3\" data-element_type=\"column\">\n\t\t\t<div class=\"elementor-widget-wrap elementor-element-populated\">\n\t\t\t\t\t\t<div class=\"elementor-element elementor-element-ed0a60e elementor-widget elementor-widget-shortcode\" data-id=\"ed0a60e\" data-element_type=\"widget\" data-widget_type=\"shortcode.default\">\n\t\t\t\t\t\t\t<div class=\"elementor-shortcode\">[give_form id=\"11674\" display_style=\"button\"]<\/div>\n\t\t\t\t\t\t<\/div>\n\t\t\t\t\t<\/div>\n\t\t<\/div>\n\t\t\t\t\t<\/div>\n\t\t<\/section>\n\t\t\t\t<\/div>\n\t\t","protected":false},"excerpt":{"rendered":"<p>Payment Options Terms Conditions US IT ES Our Shop Add Your Review \/*! elementor &#8211; v3.7.8 &#8211; 02-10-2022 *\/ .elementor-widget-image{text-align:center}.elementor-widget-image a{display:inline-block}.elementor-widget-image a img[src$=&#8221;.svg&#8221;]{width:48px}.elementor-widget-image img{vertical-align:middle;display:inline-block} Demos Demo 1 Demo 2 Demo 3 Main Features Shop Elementor Plugins BUY NOW Demos Demo 1 Demo 2 Demo 3 Main Features Shop Elementor Plugins BUY NOW [give_form id=&#8221;11674&#8243; display_style=&#8221;button&#8221;]<\/p>\n","protected":false},"author":1,"featured_media":0,"parent":9031,"menu_order":0,"comment_status":"closed","ping_status":"closed","template":"","meta":{"footnotes":""},"class_list":["post-5346","page","type-page","status-publish","hentry"],"_links":{"self":[{"href":"https:\/\/anahtarim.anahtarparti.org\/index.php\/wp-json\/wp\/v2\/pages\/5346","targetHints":{"allow":["GET"]}}],"collection":[{"href":"https:\/\/anahtarim.anahtarparti.org\/index.php\/wp-json\/wp\/v2\/pages"}],"about":[{"href":"https:\/\/anahtarim.anahtarparti.org\/index.php\/wp-json\/wp\/v2\/types\/page"}],"author":[{"embeddable":true,"href":"https:\/\/anahtarim.anahtarparti.org\/index.php\/wp-json\/wp\/v2\/users\/1"}],"replies":[{"embeddable":true,"href":"https:\/\/anahtarim.anahtarparti.org\/index.php\/wp-json\/wp\/v2\/comments?post=5346"}],"version-history":[{"count":0,"href":"https:\/\/anahtarim.anahtarparti.org\/index.php\/wp-json\/wp\/v2\/pages\/5346\/revisions"}],"up":[{"embeddable":true,"href":"https:\/\/anahtarim.anahtarparti.org\/index.php\/wp-json\/wp\/v2\/pages\/9031"}],"wp:attachment":[{"href":"https:\/\/anahtarim.anahtarparti.org\/index.php\/wp-json\/wp\/v2\/media?parent=5346"}],"curies":[{"name":"wp","href":"https:\/\/api.w.org\/{rel}","templated":true}]}}